{"id":74,"date":"2026-03-17T08:11:17","date_gmt":"2026-03-17T07:11:17","guid":{"rendered":"https:\/\/calmnivia-winf.gbsl.website\/?page_id=74"},"modified":"2026-03-26T22:23:01","modified_gmt":"2026-03-26T21:23:01","slug":"calmnivia-light-version","status":"publish","type":"page","link":"https:\/\/calmnivia-winf.gbsl.website\/index.php\/calmnivia-light-version\/","title":{"rendered":"CalmNivia Light-Version"},"content":{"rendered":"\n<div class=\"wp-block-media-text is-stacked-on-mobile\" style=\"grid-template-columns:25% auto\"><figure class=\"wp-block-media-text__media\"><img loading=\"lazy\" decoding=\"async\" width=\"509\" height=\"882\" src=\"https:\/\/calmnivia-winf.gbsl.website\/wp-content\/uploads\/2026\/03\/image-8.png\" alt=\"\" class=\"wp-image-75 size-full\" srcset=\"https:\/\/calmnivia-winf.gbsl.website\/wp-content\/uploads\/2026\/03\/image-8.png 509w, https:\/\/calmnivia-winf.gbsl.website\/wp-content\/uploads\/2026\/03\/image-8-173x300.png 173w\" sizes=\"auto, (max-width: 509px) 100vw, 509px\" \/><\/figure><div class=\"wp-block-media-text__content\">\n<p>Die <strong>Light-Version<\/strong> von CalmNivia steht f\u00fcr Einfachheit und Leichtigkeit. Sie wurde f\u00fcr alle entwickelt, die eine dezente und moderne L\u00f6sung f\u00fcr ruhiges Licht am Abend suchen.<\/p>\n\n\n\n<p>Mit ihrem sanften, warmen Licht schafft sie eine angenehme Atmosph\u00e4re, ohne aufdringlich zu wirken. Perfekt f\u00fcr entspannte Abende, zum Lesen oder zum Abschalten nach einem langen Tag.<\/p>\n\n\n\n<p>Dank ihres schlanken und minimalistischen Designs passt die Light Version in jedes Schlafzimmer und f\u00fcgt sich unauff\u00e4llig in jede Umgebung ein.<\/p>\n\n\n\n<p>Die ideale Wahl f\u00fcr alle, die es schlicht, modern und beruhigend m\u00f6gen.&nbsp;<\/p>\n\n\n\n<p><strong>Dein CalmNivia Team<\/strong>\ud83c\udf19<\/p>\n<\/div><\/div>\n\n\n\n<p><\/p>\n","protected":false},"excerpt":{"rendered":"<p>Die Light-Version von CalmNivia steht f\u00fcr Einfachheit und Leichtigkeit. Sie wurde f\u00fcr alle entwickelt, die eine dezente und moderne L\u00f6sung f\u00fcr ruhiges Licht am Abend suchen. Mit ihrem sanften, warmen &#8230;<\/p>\n","protected":false},"author":1,"featured_media":0,"parent":0,"menu_order":4,"comment_status":"closed","ping_status":"closed","template":"","meta":{"footnotes":""},"class_list":["post-74","page","type-page","status-publish","hentry"],"_links":{"self":[{"href":"https:\/\/calmnivia-winf.gbsl.website\/index.php\/wp-json\/wp\/v2\/pages\/74","targetHints":{"allow":["GET"]}}],"collection":[{"href":"https:\/\/calmnivia-winf.gbsl.website\/index.php\/wp-json\/wp\/v2\/pages"}],"about":[{"href":"https:\/\/calmnivia-winf.gbsl.website\/index.php\/wp-json\/wp\/v2\/types\/page"}],"author":[{"embeddable":true,"href":"https:\/\/calmnivia-winf.gbsl.website\/index.php\/wp-json\/wp\/v2\/users\/1"}],"replies":[{"embeddable":true,"href":"https:\/\/calmnivia-winf.gbsl.website\/index.php\/wp-json\/wp\/v2\/comments?post=74"}],"version-history":[{"count":3,"href":"https:\/\/calmnivia-winf.gbsl.website\/index.php\/wp-json\/wp\/v2\/pages\/74\/revisions"}],"predecessor-version":[{"id":97,"href":"https:\/\/calmnivia-winf.gbsl.website\/index.php\/wp-json\/wp\/v2\/pages\/74\/revisions\/97"}],"wp:attachment":[{"href":"https:\/\/calmnivia-winf.gbsl.website\/index.php\/wp-json\/wp\/v2\/media?parent=74"}],"curies":[{"name":"wp","href":"https:\/\/api.w.org\/{rel}","templated":true}]}}