{"id":55,"date":"2026-03-17T08:06:59","date_gmt":"2026-03-17T07:06:59","guid":{"rendered":"https:\/\/calmnivia-winf.gbsl.website\/?page_id=55"},"modified":"2026-03-26T22:22:55","modified_gmt":"2026-03-26T21:22:55","slug":"calmnivia-kids-version","status":"publish","type":"page","link":"https:\/\/calmnivia-winf.gbsl.website\/index.php\/calmnivia-kids-version\/","title":{"rendered":"CalmNivia Kids-Version"},"content":{"rendered":"\n<div class=\"wp-block-media-text is-stacked-on-mobile\" style=\"grid-template-columns:25% auto\"><figure class=\"wp-block-media-text__media\"><img loading=\"lazy\" decoding=\"async\" width=\"493\" height=\"845\" src=\"https:\/\/calmnivia-winf.gbsl.website\/wp-content\/uploads\/2026\/03\/image-7.png\" alt=\"\" class=\"wp-image-63 size-full\" srcset=\"https:\/\/calmnivia-winf.gbsl.website\/wp-content\/uploads\/2026\/03\/image-7.png 493w, https:\/\/calmnivia-winf.gbsl.website\/wp-content\/uploads\/2026\/03\/image-7-175x300.png 175w\" sizes=\"auto, (max-width: 493px) 100vw, 493px\" \/><\/figure><div class=\"wp-block-media-text__content\">\n<p>Die Kids-Version von CalmNivia wurde speziell f\u00fcr Kinder entwickelt. Sie sorgt f\u00fcr ein weiches, warmes Licht, das eine sichere und beruhigende Atmosph\u00e4re im Kinderzimmer schafft.<\/p>\n\n\n\n<p>Das sanfte Licht hilft dabei, abends leichter zur Ruhe zu kommen und nimmt Kindern die Angst vor der Dunkelheit. Gleichzeitig ist die Lampe nicht zu hell, sodass der Schlaf nicht gest\u00f6rt wird.<\/p>\n\n\n\n<p>Durch ihr freundliches, schlichtes Design passt die Kids Version perfekt in jedes Kinderzimmer. Sie ist einfach zu bedienen und ideal als Nachtlicht oder zum Einschlafen.<\/p>\n\n\n\n<p>Mit der Kids Version m\u00f6chten wir Kindern helfen, sich sicher und geborgen zu f\u00fchlen \u2013 f\u00fcr entspannte Abende und ruhige N\u00e4chte. <\/p>\n\n\n\n<p><strong>Dein CalmNivia Team<\/strong>\ud83c\udf19<\/p>\n<\/div><\/div>\n\n\n\n<p><\/p>\n","protected":false},"excerpt":{"rendered":"<p>Die Kids-Version von CalmNivia wurde speziell f\u00fcr Kinder entwickelt. Sie sorgt f\u00fcr ein weiches, warmes Licht, das eine sichere und beruhigende Atmosph\u00e4re im Kinderzimmer schafft. Das sanfte Licht hilft dabei, &#8230;<\/p>\n","protected":false},"author":1,"featured_media":60,"parent":0,"menu_order":3,"comment_status":"closed","ping_status":"closed","template":"","meta":{"footnotes":""},"class_list":["post-55","page","type-page","status-publish","has-post-thumbnail","hentry"],"_links":{"self":[{"href":"https:\/\/calmnivia-winf.gbsl.website\/index.php\/wp-json\/wp\/v2\/pages\/55","targetHints":{"allow":["GET"]}}],"collection":[{"href":"https:\/\/calmnivia-winf.gbsl.website\/index.php\/wp-json\/wp\/v2\/pages"}],"about":[{"href":"https:\/\/calmnivia-winf.gbsl.website\/index.php\/wp-json\/wp\/v2\/types\/page"}],"author":[{"embeddable":true,"href":"https:\/\/calmnivia-winf.gbsl.website\/index.php\/wp-json\/wp\/v2\/users\/1"}],"replies":[{"embeddable":true,"href":"https:\/\/calmnivia-winf.gbsl.website\/index.php\/wp-json\/wp\/v2\/comments?post=55"}],"version-history":[{"count":5,"href":"https:\/\/calmnivia-winf.gbsl.website\/index.php\/wp-json\/wp\/v2\/pages\/55\/revisions"}],"predecessor-version":[{"id":96,"href":"https:\/\/calmnivia-winf.gbsl.website\/index.php\/wp-json\/wp\/v2\/pages\/55\/revisions\/96"}],"wp:featuredmedia":[{"embeddable":true,"href":"https:\/\/calmnivia-winf.gbsl.website\/index.php\/wp-json\/wp\/v2\/media\/60"}],"wp:attachment":[{"href":"https:\/\/calmnivia-winf.gbsl.website\/index.php\/wp-json\/wp\/v2\/media?parent=55"}],"curies":[{"name":"wp","href":"https:\/\/api.w.org\/{rel}","templated":true}]}}